{"id":276,"date":"2026-03-13T23:53:45","date_gmt":"2026-03-13T23:53:45","guid":{"rendered":"https:\/\/ephemeristes.ca\/?page_id=276"},"modified":"2026-03-14T01:06:40","modified_gmt":"2026-03-14T01:06:40","slug":"les-traces-quon-laisse-2024-25","status":"publish","type":"page","link":"https:\/\/ephemeristes.ca\/?page_id=276","title":{"rendered":"les traces qu&#8217;on laisse | 2024-25"},"content":{"rendered":"\n<h1 class=\"wp-block-heading\">les traces qu&#8217;on laisse | 2024-25<\/h1>\n\n\n\n<h2 class=\"wp-block-heading\">Processus de cr\u00e9ation<\/h2>\n\n\n\n<figure class=\"wp-block-embed is-type-video is-provider-youtube wp-block-embed-youtube wp-embed-aspect-16-9 wp-has-aspect-ratio\"><div class=\"wp-block-embed__wrapper\">\n<iframe loading=\"lazy\" title=\"Invitation - e\u0301phe\u0301me\u0301ristes - les traces qu&#039;on laisse\" width=\"950\" height=\"534\" src=\"https:\/\/www.youtube.com\/embed\/ksXTUzQmOs4?feature=oembed\" frameborder=\"0\" allow=\"accelerometer; autoplay; clipboard-write; encrypted-media; gyroscope; picture-in-picture; web-share\" referrerpolicy=\"strict-origin-when-cross-origin\" allowfullscreen><\/iframe>\n<\/div><\/figure>\n\n\n\n<figure class=\"wp-block-gallery has-nested-images columns-default is-cropped wp-block-gallery-1 is-layout-flex wp-block-gallery-is-layout-flex\">\n<figure class=\"wp-block-image size-large\"><img loading=\"lazy\" decoding=\"async\" width=\"703\" height=\"1024\" data-id=\"484\" src=\"https:\/\/ephemeristes.ca\/wp-content\/uploads\/2026\/03\/ephemeristes_les-traces-quon-laisse_Recto_FR-703x1024.jpg\" alt=\"\" class=\"wp-image-484\" srcset=\"https:\/\/ephemeristes.ca\/wp-content\/uploads\/2026\/03\/ephemeristes_les-traces-quon-laisse_Recto_FR-703x1024.jpg 703w, https:\/\/ephemeristes.ca\/wp-content\/uploads\/2026\/03\/ephemeristes_les-traces-quon-laisse_Recto_FR-206x300.jpg 206w, https:\/\/ephemeristes.ca\/wp-content\/uploads\/2026\/03\/ephemeristes_les-traces-quon-laisse_Recto_FR.jpg 1757w\" sizes=\"auto, (max-width: 703px) 100vw, 703px\" \/><\/figure>\n\n\n\n<figure class=\"wp-block-image size-large\"><img loading=\"lazy\" decoding=\"async\" width=\"703\" height=\"1024\" data-id=\"483\" src=\"https:\/\/ephemeristes.ca\/wp-content\/uploads\/2026\/03\/ephemeristes_les-traces-quon-laisse_Verso_FR-703x1024.jpg\" alt=\"\" class=\"wp-image-483\" srcset=\"https:\/\/ephemeristes.ca\/wp-content\/uploads\/2026\/03\/ephemeristes_les-traces-quon-laisse_Verso_FR-703x1024.jpg 703w, https:\/\/ephemeristes.ca\/wp-content\/uploads\/2026\/03\/ephemeristes_les-traces-quon-laisse_Verso_FR-206x300.jpg 206w, https:\/\/ephemeristes.ca\/wp-content\/uploads\/2026\/03\/ephemeristes_les-traces-quon-laisse_Verso_FR.jpg 1757w\" sizes=\"auto, (max-width: 703px) 100vw, 703px\" \/><\/figure>\n<\/figure>\n\n\n\n<h2 class=\"wp-block-heading\">Cet hiver encore, notre collectif \u00c9ph\u00e9m\u00e9ristes \u00e9tablit sa r\u00e9sidence artistique dans le Champ des Pollinisateurs \u00e0 l&#8217;Usine Rolland.<\/h2>\n\n\n\n<p>Ce site historique et majestueux accueille nos explorations interdisciplinaires \u00e0 l&#8217;\u00e9chelle du paysage.<\/p>\n\n\n\n<p>Venez nous rejoindre autour de l&#8217;Agora que nous avons con\u00e7ue en neige au milieu du Champ. Nous vous invitons \u00e0 terminer cette \u0153uvre de Land Art avec nous, \u00e0 pied, \u00e0 ski, en raquettes ou un outil \u00e0 la main.<\/p>\n\n\n\n<p>Le concept: \u00e9tendre la circonf\u00e9rence de l&#8217;\u0153uvre en s&#8217;inspirant de la topographie, explorer les textures au sol et jouer avec les ombrages projet\u00e9s.<\/p>\n\n\n\n<p>l&#8217;exp\u00e9rience immersive commence les pieds dans la neige!<\/p>\n\n\n\n<p><strong>On vous attend une pelle \u00e0 la main entre le 7 et le 9 F\u00e9vrier, de 9h \u00e0 14h<\/strong> \u00e0 l&#8217;Usine Rolland, 2685, rue Rolland, Sainte-Ad\u00e8le, OC<\/p>\n\n\n\n<p><\/p>\n\n\n\n<figure class=\"wp-block-embed is-type-video is-provider-youtube wp-block-embed-youtube wp-embed-aspect-16-9 wp-has-aspect-ratio\"><div class=\"wp-block-embed__wrapper\">\n<iframe loading=\"lazy\" title=\"Les fourmis d&#039;able - e\u0301phe\u0301me\u0301ristes - les traces qu&#039;on laisse\" width=\"950\" height=\"534\" src=\"https:\/\/www.youtube.com\/embed\/IRAodv1WLfE?feature=oembed\" frameborder=\"0\" allow=\"accelerometer; autoplay; clipboard-write; encrypted-media; gyroscope; picture-in-picture; web-share\" referrerpolicy=\"strict-origin-when-cross-origin\" allowfullscreen><\/iframe>\n<\/div><\/figure>\n","protected":false},"excerpt":{"rendered":"<p>les traces qu&#8217;on laisse | 2024-25 Processus de cr\u00e9ation Cet hiver encore, notre collectif \u00c9ph\u00e9m\u00e9ristes \u00e9tablit sa r\u00e9sidence artistique dans le Champ des Pollinisateurs \u00e0 l&#8217;Usine Rolland. Ce site historique et majestueux accueille nos explorations interdisciplinaires \u00e0 l&#8217;\u00e9chelle du paysage. Venez nous rejoindre autour de l&#8217;Agora que nous avons con\u00e7ue en neige au milieu du &hellip; <\/p>\n<p class=\"link-more\"><a href=\"https:\/\/ephemeristes.ca\/?page_id=276\" class=\"more-link\">Read more<span class=\"screen-reader-text\"> &#8220;les traces qu&#8217;on laisse | 2024-25&#8221;<\/span><\/a><\/p>\n","protected":false},"author":1,"featured_media":0,"parent":0,"menu_order":0,"comment_status":"closed","ping_status":"closed","template":"","meta":{"inspiro_hide_title":false,"footnotes":""},"class_list":["post-276","page","type-page","status-publish","hentry"],"yoast_head":"<!-- This site is optimized with the Yoast SEO plugin v27.4 - https:\/\/yoast.com\/product\/yoast-seo-wordpress\/ -->\n<title>les traces qu&#039;on laisse | 2024-25 - \u00e9ph\u00e9m\u00e9ristes<\/title>\n<meta name=\"robots\" content=\"index, follow, max-snippet:-1, max-image-preview:large, max-video-preview:-1\" \/>\n<link rel=\"canonical\" href=\"https:\/\/ephemeristes.ca\/?page_id=276\" \/>\n<meta property=\"og:locale\" content=\"en_US\" \/>\n<meta property=\"og:type\" content=\"article\" \/>\n<meta property=\"og:title\" content=\"les traces qu&#039;on laisse | 2024-25 - \u00e9ph\u00e9m\u00e9ristes\" \/>\n<meta property=\"og:description\" content=\"les traces qu&#8217;on laisse | 2024-25 Processus de cr\u00e9ation Cet hiver encore, notre collectif \u00c9ph\u00e9m\u00e9ristes \u00e9tablit sa r\u00e9sidence artistique dans le Champ des Pollinisateurs \u00e0 l&#8217;Usine Rolland. Ce site historique et majestueux accueille nos explorations interdisciplinaires \u00e0 l&#8217;\u00e9chelle du paysage. Venez nous rejoindre autour de l&#8217;Agora que nous avons con\u00e7ue en neige au milieu du &hellip; Read more &quot;les traces qu&#8217;on laisse | 2024-25&quot;\" \/>\n<meta property=\"og:url\" content=\"https:\/\/ephemeristes.ca\/?page_id=276\" \/>\n<meta property=\"og:site_name\" content=\"\u00e9ph\u00e9m\u00e9ristes\" \/>\n<meta property=\"article:modified_time\" content=\"2026-03-14T01:06:40+00:00\" \/>\n<meta property=\"og:image\" content=\"https:\/\/ephemeristes.ca\/wp-content\/uploads\/2026\/03\/ephemeristes_les-traces-quon-laisse_Recto_FR.jpg\" \/>\n\t<meta property=\"og:image:width\" content=\"1757\" \/>\n\t<meta property=\"og:image:height\" content=\"2560\" \/>\n\t<meta property=\"og:image:type\" content=\"image\/jpeg\" \/>\n<meta name=\"twitter:card\" content=\"summary_large_image\" \/>\n<meta name=\"twitter:label1\" content=\"Est. reading time\" \/>\n\t<meta name=\"twitter:data1\" content=\"2 minutes\" \/>\n<script type=\"application\/ld+json\" class=\"yoast-schema-graph\">{\"@context\":\"https:\\\/\\\/schema.org\",\"@graph\":[{\"@type\":\"WebPage\",\"@id\":\"https:\\\/\\\/ephemeristes.ca\\\/?page_id=276\",\"url\":\"https:\\\/\\\/ephemeristes.ca\\\/?page_id=276\",\"name\":\"les traces qu'on laisse | 2024-25 - \u00e9ph\u00e9m\u00e9ristes\",\"isPartOf\":{\"@id\":\"https:\\\/\\\/ephemeristes.ca\\\/#website\"},\"primaryImageOfPage\":{\"@id\":\"https:\\\/\\\/ephemeristes.ca\\\/?page_id=276#primaryimage\"},\"image\":{\"@id\":\"https:\\\/\\\/ephemeristes.ca\\\/?page_id=276#primaryimage\"},\"thumbnailUrl\":\"https:\\\/\\\/ephemeristes.ca\\\/wp-content\\\/uploads\\\/2026\\\/03\\\/ephemeristes_les-traces-quon-laisse_Recto_FR-703x1024.jpg\",\"datePublished\":\"2026-03-13T23:53:45+00:00\",\"dateModified\":\"2026-03-14T01:06:40+00:00\",\"breadcrumb\":{\"@id\":\"https:\\\/\\\/ephemeristes.ca\\\/?page_id=276#breadcrumb\"},\"inLanguage\":\"en-US\",\"potentialAction\":[{\"@type\":\"ReadAction\",\"target\":[\"https:\\\/\\\/ephemeristes.ca\\\/?page_id=276\"]}]},{\"@type\":\"ImageObject\",\"inLanguage\":\"en-US\",\"@id\":\"https:\\\/\\\/ephemeristes.ca\\\/?page_id=276#primaryimage\",\"url\":\"https:\\\/\\\/ephemeristes.ca\\\/wp-content\\\/uploads\\\/2026\\\/03\\\/ephemeristes_les-traces-quon-laisse_Recto_FR.jpg\",\"contentUrl\":\"https:\\\/\\\/ephemeristes.ca\\\/wp-content\\\/uploads\\\/2026\\\/03\\\/ephemeristes_les-traces-quon-laisse_Recto_FR.jpg\",\"width\":1757,\"height\":2560},{\"@type\":\"BreadcrumbList\",\"@id\":\"https:\\\/\\\/ephemeristes.ca\\\/?page_id=276#breadcrumb\",\"itemListElement\":[{\"@type\":\"ListItem\",\"position\":1,\"name\":\"Home\",\"item\":\"https:\\\/\\\/ephemeristes.ca\\\/\"},{\"@type\":\"ListItem\",\"position\":2,\"name\":\"les traces qu&#8217;on laisse | 2024-25\"}]},{\"@type\":\"WebSite\",\"@id\":\"https:\\\/\\\/ephemeristes.ca\\\/#website\",\"url\":\"https:\\\/\\\/ephemeristes.ca\\\/\",\"name\":\"\u00e9ph\u00e9m\u00e9ristes\",\"description\":\"\",\"publisher\":{\"@id\":\"https:\\\/\\\/ephemeristes.ca\\\/#organization\"},\"potentialAction\":[{\"@type\":\"SearchAction\",\"target\":{\"@type\":\"EntryPoint\",\"urlTemplate\":\"https:\\\/\\\/ephemeristes.ca\\\/?s={search_term_string}\"},\"query-input\":{\"@type\":\"PropertyValueSpecification\",\"valueRequired\":true,\"valueName\":\"search_term_string\"}}],\"inLanguage\":\"en-US\"},{\"@type\":\"Organization\",\"@id\":\"https:\\\/\\\/ephemeristes.ca\\\/#organization\",\"name\":\"\u00e9ph\u00e9m\u00e9ristes\",\"url\":\"https:\\\/\\\/ephemeristes.ca\\\/\",\"logo\":{\"@type\":\"ImageObject\",\"inLanguage\":\"en-US\",\"@id\":\"https:\\\/\\\/ephemeristes.ca\\\/#\\\/schema\\\/logo\\\/image\\\/\",\"url\":\"https:\\\/\\\/ephemeristes.ca\\\/wp-content\\\/uploads\\\/2026\\\/03\\\/2026-03-13-ephem-temp-logo.png\",\"contentUrl\":\"https:\\\/\\\/ephemeristes.ca\\\/wp-content\\\/uploads\\\/2026\\\/03\\\/2026-03-13-ephem-temp-logo.png\",\"width\":2560,\"height\":1410,\"caption\":\"\u00e9ph\u00e9m\u00e9ristes\"},\"image\":{\"@id\":\"https:\\\/\\\/ephemeristes.ca\\\/#\\\/schema\\\/logo\\\/image\\\/\"}}]}<\/script>\n<!-- \/ Yoast SEO plugin. -->","yoast_head_json":{"title":"les traces qu'on laisse | 2024-25 - \u00e9ph\u00e9m\u00e9ristes","robots":{"index":"index","follow":"follow","max-snippet":"max-snippet:-1","max-image-preview":"max-image-preview:large","max-video-preview":"max-video-preview:-1"},"canonical":"https:\/\/ephemeristes.ca\/?page_id=276","og_locale":"en_US","og_type":"article","og_title":"les traces qu'on laisse | 2024-25 - \u00e9ph\u00e9m\u00e9ristes","og_description":"les traces qu&#8217;on laisse | 2024-25 Processus de cr\u00e9ation Cet hiver encore, notre collectif \u00c9ph\u00e9m\u00e9ristes \u00e9tablit sa r\u00e9sidence artistique dans le Champ des Pollinisateurs \u00e0 l&#8217;Usine Rolland. Ce site historique et majestueux accueille nos explorations interdisciplinaires \u00e0 l&#8217;\u00e9chelle du paysage. Venez nous rejoindre autour de l&#8217;Agora que nous avons con\u00e7ue en neige au milieu du &hellip; Read more \"les traces qu&#8217;on laisse | 2024-25\"","og_url":"https:\/\/ephemeristes.ca\/?page_id=276","og_site_name":"\u00e9ph\u00e9m\u00e9ristes","article_modified_time":"2026-03-14T01:06:40+00:00","og_image":[{"width":1757,"height":2560,"url":"https:\/\/ephemeristes.ca\/wp-content\/uploads\/2026\/03\/ephemeristes_les-traces-quon-laisse_Recto_FR.jpg","type":"image\/jpeg"}],"twitter_card":"summary_large_image","twitter_misc":{"Est. reading time":"2 minutes"},"schema":{"@context":"https:\/\/schema.org","@graph":[{"@type":"WebPage","@id":"https:\/\/ephemeristes.ca\/?page_id=276","url":"https:\/\/ephemeristes.ca\/?page_id=276","name":"les traces qu'on laisse | 2024-25 - \u00e9ph\u00e9m\u00e9ristes","isPartOf":{"@id":"https:\/\/ephemeristes.ca\/#website"},"primaryImageOfPage":{"@id":"https:\/\/ephemeristes.ca\/?page_id=276#primaryimage"},"image":{"@id":"https:\/\/ephemeristes.ca\/?page_id=276#primaryimage"},"thumbnailUrl":"https:\/\/ephemeristes.ca\/wp-content\/uploads\/2026\/03\/ephemeristes_les-traces-quon-laisse_Recto_FR-703x1024.jpg","datePublished":"2026-03-13T23:53:45+00:00","dateModified":"2026-03-14T01:06:40+00:00","breadcrumb":{"@id":"https:\/\/ephemeristes.ca\/?page_id=276#breadcrumb"},"inLanguage":"en-US","potentialAction":[{"@type":"ReadAction","target":["https:\/\/ephemeristes.ca\/?page_id=276"]}]},{"@type":"ImageObject","inLanguage":"en-US","@id":"https:\/\/ephemeristes.ca\/?page_id=276#primaryimage","url":"https:\/\/ephemeristes.ca\/wp-content\/uploads\/2026\/03\/ephemeristes_les-traces-quon-laisse_Recto_FR.jpg","contentUrl":"https:\/\/ephemeristes.ca\/wp-content\/uploads\/2026\/03\/ephemeristes_les-traces-quon-laisse_Recto_FR.jpg","width":1757,"height":2560},{"@type":"BreadcrumbList","@id":"https:\/\/ephemeristes.ca\/?page_id=276#breadcrumb","itemListElement":[{"@type":"ListItem","position":1,"name":"Home","item":"https:\/\/ephemeristes.ca\/"},{"@type":"ListItem","position":2,"name":"les traces qu&#8217;on laisse | 2024-25"}]},{"@type":"WebSite","@id":"https:\/\/ephemeristes.ca\/#website","url":"https:\/\/ephemeristes.ca\/","name":"\u00e9ph\u00e9m\u00e9ristes","description":"","publisher":{"@id":"https:\/\/ephemeristes.ca\/#organization"},"potentialAction":[{"@type":"SearchAction","target":{"@type":"EntryPoint","urlTemplate":"https:\/\/ephemeristes.ca\/?s={search_term_string}"},"query-input":{"@type":"PropertyValueSpecification","valueRequired":true,"valueName":"search_term_string"}}],"inLanguage":"en-US"},{"@type":"Organization","@id":"https:\/\/ephemeristes.ca\/#organization","name":"\u00e9ph\u00e9m\u00e9ristes","url":"https:\/\/ephemeristes.ca\/","logo":{"@type":"ImageObject","inLanguage":"en-US","@id":"https:\/\/ephemeristes.ca\/#\/schema\/logo\/image\/","url":"https:\/\/ephemeristes.ca\/wp-content\/uploads\/2026\/03\/2026-03-13-ephem-temp-logo.png","contentUrl":"https:\/\/ephemeristes.ca\/wp-content\/uploads\/2026\/03\/2026-03-13-ephem-temp-logo.png","width":2560,"height":1410,"caption":"\u00e9ph\u00e9m\u00e9ristes"},"image":{"@id":"https:\/\/ephemeristes.ca\/#\/schema\/logo\/image\/"}}]}},"_links":{"self":[{"href":"https:\/\/ephemeristes.ca\/index.php?rest_route=\/wp\/v2\/pages\/276","targetHints":{"allow":["GET"]}}],"collection":[{"href":"https:\/\/ephemeristes.ca\/index.php?rest_route=\/wp\/v2\/pages"}],"about":[{"href":"https:\/\/ephemeristes.ca\/index.php?rest_route=\/wp\/v2\/types\/page"}],"author":[{"embeddable":true,"href":"https:\/\/ephemeristes.ca\/index.php?rest_route=\/wp\/v2\/users\/1"}],"replies":[{"embeddable":true,"href":"https:\/\/ephemeristes.ca\/index.php?rest_route=%2Fwp%2Fv2%2Fcomments&post=276"}],"version-history":[{"count":11,"href":"https:\/\/ephemeristes.ca\/index.php?rest_route=\/wp\/v2\/pages\/276\/revisions"}],"predecessor-version":[{"id":495,"href":"https:\/\/ephemeristes.ca\/index.php?rest_route=\/wp\/v2\/pages\/276\/revisions\/495"}],"wp:attachment":[{"href":"https:\/\/ephemeristes.ca\/index.php?rest_route=%2Fwp%2Fv2%2Fmedia&parent=276"}],"curies":[{"name":"wp","href":"https:\/\/api.w.org\/{rel}","templated":true}]}}