{"id":278,"date":"2026-03-14T00:33:38","date_gmt":"2026-03-14T00:33:38","guid":{"rendered":"https:\/\/ephemeristes.ca\/?page_id=278"},"modified":"2026-03-14T01:07:55","modified_gmt":"2026-03-14T01:07:55","slug":"la-danse-aquarelle","status":"publish","type":"page","link":"https:\/\/ephemeristes.ca\/?page_id=278","title":{"rendered":"la danse aquarelle | 2023-24"},"content":{"rendered":"\n<h1 class=\"wp-block-heading\">la danse aquarelle | 2023-24<\/h1>\n\n\n\n<h2 class=\"wp-block-heading\">Processus de cr\u00e9ation<\/h2>\n\n\n\n<p><strong>17 f\u00e9vrier 2024 &#8211; La M\u00e9diation &#8211; La Danse Aquarelle <\/strong><\/p>\n\n\n\n<p><\/p>\n\n\n\n<figure class=\"wp-block-embed is-type-video is-provider-youtube wp-block-embed-youtube wp-embed-aspect-16-9 wp-has-aspect-ratio\"><div class=\"wp-block-embed__wrapper\">\n<iframe loading=\"lazy\" title=\"La M\u00e9diation - \u00e9ph\u00e9m\u00e9ristes - La Danse Aquarelle\" width=\"950\" height=\"534\" src=\"https:\/\/www.youtube.com\/embed\/dGqwA5MNT-M?feature=oembed\" frameborder=\"0\" allow=\"accelerometer; autoplay; clipboard-write; encrypted-media; gyroscope; picture-in-picture; web-share\" referrerpolicy=\"strict-origin-when-cross-origin\" allowfullscreen><\/iframe>\n<\/div><\/figure>\n\n\n\n<p><strong>09 f\u00e9vrier 2024 &#8211; Behold! We Are Beautiful &#8211; Caroline Dusseault &amp; les \u00e9l\u00e8ves de Danses-\u00c9tudes ANM &#8211; La Danse Aquarelle <\/strong><\/p>\n\n\n\n<figure class=\"wp-block-embed is-type-video is-provider-youtube wp-block-embed-youtube wp-embed-aspect-16-9 wp-has-aspect-ratio\"><div class=\"wp-block-embed__wrapper\">\n<iframe loading=\"lazy\" title=\"Behold! we are beautiful - \u00e9ph\u00e9m\u00e9ristes - La Danse Aquarelle\" width=\"950\" height=\"534\" src=\"https:\/\/www.youtube.com\/embed\/PiQi-hyy7eQ?feature=oembed\" frameborder=\"0\" allow=\"accelerometer; autoplay; clipboard-write; encrypted-media; gyroscope; picture-in-picture; web-share\" referrerpolicy=\"strict-origin-when-cross-origin\" allowfullscreen><\/iframe>\n<\/div><\/figure>\n\n\n\n<p><strong>06 janvier 2024 &#8211; Chor\u00e9graphie d&#8217;un flocon &#8211; Caroline Dusseault &#8211; La Danse Aquarelle <\/strong><\/p>\n\n\n\n<figure class=\"wp-block-embed is-type-video is-provider-youtube wp-block-embed-youtube wp-embed-aspect-16-9 wp-has-aspect-ratio\"><div class=\"wp-block-embed__wrapper\">\n<iframe loading=\"lazy\" title=\"Chor\u00e9ographie d&#039;un flocon - \u00e9ph\u00e9m\u00e9ristes - La Danse Aquarelle\" width=\"950\" height=\"534\" src=\"https:\/\/www.youtube.com\/embed\/iazoa2QtLXk?feature=oembed\" frameborder=\"0\" allow=\"accelerometer; autoplay; clipboard-write; encrypted-media; gyroscope; picture-in-picture; web-share\" referrerpolicy=\"strict-origin-when-cross-origin\" allowfullscreen><\/iframe>\n<\/div><\/figure>\n\n\n\n<figure class=\"wp-block-gallery has-nested-images columns-default is-cropped wp-block-gallery-1 is-layout-flex wp-block-gallery-is-layout-flex\">\n<figure class=\"wp-block-image size-large\"><img loading=\"lazy\" decoding=\"async\" width=\"701\" height=\"1024\" data-id=\"114\" src=\"https:\/\/ephemeristes.ca\/wp-content\/uploads\/2025\/10\/2023-24-la-danse-aquarelle_ephemeristes-701x1024.jpg\" alt=\"\" class=\"wp-image-114\" srcset=\"https:\/\/ephemeristes.ca\/wp-content\/uploads\/2025\/10\/2023-24-la-danse-aquarelle_ephemeristes-701x1024.jpg 701w, https:\/\/ephemeristes.ca\/wp-content\/uploads\/2025\/10\/2023-24-la-danse-aquarelle_ephemeristes-205x300.jpg 205w, https:\/\/ephemeristes.ca\/wp-content\/uploads\/2025\/10\/2023-24-la-danse-aquarelle_ephemeristes-2000x2923.jpg 2000w, https:\/\/ephemeristes.ca\/wp-content\/uploads\/2025\/10\/2023-24-la-danse-aquarelle_ephemeristes-scaled.jpg 1752w\" sizes=\"auto, (max-width: 701px) 100vw, 701px\" \/><\/figure>\n<\/figure>\n\n\n\n<h2 class=\"wp-block-heading\"><strong>Joignez-vous \u00e0 la Danse Aquarelle \u00e0 l&#8217;Usine Rolland!<\/strong><\/h2>\n\n\n\n<p>La Danse Aquarelle est un projet pluridisciplinaire qui \u00e9merge d\u2019une collaboration entre Marie-Eve Fortin, sculpteure de neige, Colibricoleur, musicien et artiste m\u00e9diatique, et Caroline Dusseault, danseuse et chor\u00e9graphe. La cr\u00e9ation est accueillie par l&#8217;\u00e9quipe de l\u2019Usine Rolland, qui offre son terrain majestueux pour permettre cette exploration collaborative avec les citoyens.<\/p>\n\n\n\n<p><strong>Samedi 17 f\u00e9vrier de 13 h \u00e0 14 h 30,<\/strong> on vous invite \u00e0 vous habiller en bleu pour participer \u00e0 une chor\u00e9graphie, accessible \u00e0 tous, \u00e0 l\u2019int\u00e9rieur et autour du flocon-labyrinthe de neige. Cette danse vise \u00e0 interpr\u00e9ter et exprimer la vie d\u2019un flocon, de sa formation \u00e0 sa fonte. L&#8217;activit\u00e9 sera film\u00e9e et rassembl\u00e9e dans une cr\u00e9ation musico-m\u00e9diatique unique qui c\u00e9l\u00e8bre le passage des saisons dans la r\u00e9gion. Que vous soyez un danseur, un passionn\u00e9 de la danse ou simplement que vous ayez envie de bouger diff\u00e9remment dehors cet hiver, la Danse Aquarelle est pour vous&nbsp;<img loading=\"lazy\" decoding=\"async\" height=\"16\" width=\"16\" src=\"https:\/\/static.xx.fbcdn.net\/images\/emoji.php\/v9\/teb\/2\/16\/1f642.png\" alt=\"\ud83d\ude42\"><\/p>\n\n\n\n<p>De plus, le flocon-labyrinthe sera accessible gratuitement \u00e0 tous, du lever au coucher du soleil, \u00e0 compter de d\u00e9but f\u00e9vrier. Vous \u00eates encourag\u00e9s \u00e0 visiter \u00e0 skis, en v\u00e9lo, raquettes, ou \u00e0 pied. Profitez de votre passage \u00e0 Sainte-Ad\u00e8le pour explorer l\u2019exposition r\u00e9trospective \u00c9ph\u00e9m\u00e9ristes, 20 ans de sculpture de neige dans les Laurentides, au Mus\u00e9e Z\u00e9non-Alary, et aussi pour profiter des jeux et glissades en neige et glace \u00e0 la Place des Citoyens.<\/p>\n\n\n\n<p>Toutes ces cr\u00e9ations sont rendues possibles gr\u00e2ce \u00e0 l&#8217;accueil g\u00e9n\u00e9reux de la Fondation Z\u00e9non-Alary et l\u2019Usine Rolland, ainsi qu\u2019au soutien financier de la Ville de Sainte-Ad\u00e8le, ainsi qu\u2019au soutien financier du gouvernement du Qu\u00e9bec, de la MRC des Pays-d\u2019en-Haut et de la Ville de Sainte-Ad\u00e8le dans le cadre des Ententes de d\u00e9veloppement culturel.<\/p>\n\n\n\n<figure class=\"wp-block-gallery has-nested-images columns-default is-cropped wp-block-gallery-2 is-layout-flex wp-block-gallery-is-layout-flex\">\n<figure class=\"wp-block-image aligncenter size-large\"><img loading=\"lazy\" decoding=\"async\" width=\"773\" height=\"1024\" data-id=\"461\" src=\"https:\/\/ephemeristes.ca\/wp-content\/uploads\/2026\/03\/Ephemeristes_Flyer_Recoloured-773x1024.jpg\" alt=\"\" class=\"wp-image-461\" srcset=\"https:\/\/ephemeristes.ca\/wp-content\/uploads\/2026\/03\/Ephemeristes_Flyer_Recoloured-773x1024.jpg 773w, https:\/\/ephemeristes.ca\/wp-content\/uploads\/2026\/03\/Ephemeristes_Flyer_Recoloured-227x300.jpg 227w, https:\/\/ephemeristes.ca\/wp-content\/uploads\/2026\/03\/Ephemeristes_Flyer_Recoloured.jpg 1275w\" sizes=\"auto, (max-width: 773px) 100vw, 773px\" \/><\/figure>\n<\/figure>\n","protected":false},"excerpt":{"rendered":"<p>la danse aquarelle | 2023-24 Processus de cr\u00e9ation 17 f\u00e9vrier 2024 &#8211; La M\u00e9diation &#8211; La Danse Aquarelle 09 f\u00e9vrier 2024 &#8211; Behold! We Are Beautiful &#8211; Caroline Dusseault &amp; les \u00e9l\u00e8ves de Danses-\u00c9tudes ANM &#8211; La Danse Aquarelle 06 janvier 2024 &#8211; Chor\u00e9graphie d&#8217;un flocon &#8211; Caroline Dusseault &#8211; La Danse Aquarelle Joignez-vous \u00e0 &hellip; <\/p>\n<p class=\"link-more\"><a href=\"https:\/\/ephemeristes.ca\/?page_id=278\" class=\"more-link\">Read more<span class=\"screen-reader-text\"> &#8220;la danse aquarelle | 2023-24&#8221;<\/span><\/a><\/p>\n","protected":false},"author":1,"featured_media":0,"parent":0,"menu_order":0,"comment_status":"closed","ping_status":"closed","template":"","meta":{"inspiro_hide_title":false,"footnotes":""},"class_list":["post-278","page","type-page","status-publish","hentry"],"yoast_head":"<!-- This site is optimized with the Yoast SEO plugin v27.4 - https:\/\/yoast.com\/product\/yoast-seo-wordpress\/ -->\n<title>la danse aquarelle | 2023-24 - \u00e9ph\u00e9m\u00e9ristes<\/title>\n<meta name=\"robots\" content=\"index, follow, max-snippet:-1, max-image-preview:large, max-video-preview:-1\" \/>\n<link rel=\"canonical\" href=\"https:\/\/ephemeristes.ca\/?page_id=278\" \/>\n<meta property=\"og:locale\" content=\"en_US\" \/>\n<meta property=\"og:type\" content=\"article\" \/>\n<meta property=\"og:title\" content=\"la danse aquarelle | 2023-24 - \u00e9ph\u00e9m\u00e9ristes\" \/>\n<meta property=\"og:description\" content=\"la danse aquarelle | 2023-24 Processus de cr\u00e9ation 17 f\u00e9vrier 2024 &#8211; La M\u00e9diation &#8211; La Danse Aquarelle 09 f\u00e9vrier 2024 &#8211; Behold! We Are Beautiful &#8211; Caroline Dusseault &amp; les \u00e9l\u00e8ves de Danses-\u00c9tudes ANM &#8211; La Danse Aquarelle 06 janvier 2024 &#8211; Chor\u00e9graphie d&#8217;un flocon &#8211; Caroline Dusseault &#8211; La Danse Aquarelle Joignez-vous \u00e0 &hellip; Read more &quot;la danse aquarelle | 2023-24&quot;\" \/>\n<meta property=\"og:url\" content=\"https:\/\/ephemeristes.ca\/?page_id=278\" \/>\n<meta property=\"og:site_name\" content=\"\u00e9ph\u00e9m\u00e9ristes\" \/>\n<meta property=\"article:modified_time\" content=\"2026-03-14T01:07:55+00:00\" \/>\n<meta property=\"og:image\" content=\"https:\/\/ephemeristes.ca\/wp-content\/uploads\/2025\/10\/2023-24-la-danse-aquarelle_ephemeristes-scaled.jpg\" \/>\n\t<meta property=\"og:image:width\" content=\"1752\" \/>\n\t<meta property=\"og:image:height\" content=\"2560\" \/>\n\t<meta property=\"og:image:type\" content=\"image\/jpeg\" \/>\n<meta name=\"twitter:card\" content=\"summary_large_image\" \/>\n<meta name=\"twitter:label1\" content=\"Est. reading time\" \/>\n\t<meta name=\"twitter:data1\" content=\"3 minutes\" \/>\n<script type=\"application\/ld+json\" class=\"yoast-schema-graph\">{\"@context\":\"https:\\\/\\\/schema.org\",\"@graph\":[{\"@type\":\"WebPage\",\"@id\":\"https:\\\/\\\/ephemeristes.ca\\\/?page_id=278\",\"url\":\"https:\\\/\\\/ephemeristes.ca\\\/?page_id=278\",\"name\":\"la danse aquarelle | 2023-24 - \u00e9ph\u00e9m\u00e9ristes\",\"isPartOf\":{\"@id\":\"https:\\\/\\\/ephemeristes.ca\\\/#website\"},\"primaryImageOfPage\":{\"@id\":\"https:\\\/\\\/ephemeristes.ca\\\/?page_id=278#primaryimage\"},\"image\":{\"@id\":\"https:\\\/\\\/ephemeristes.ca\\\/?page_id=278#primaryimage\"},\"thumbnailUrl\":\"https:\\\/\\\/ephemeristes.ca\\\/wp-content\\\/uploads\\\/2025\\\/10\\\/2023-24-la-danse-aquarelle_ephemeristes-701x1024.jpg\",\"datePublished\":\"2026-03-14T00:33:38+00:00\",\"dateModified\":\"2026-03-14T01:07:55+00:00\",\"breadcrumb\":{\"@id\":\"https:\\\/\\\/ephemeristes.ca\\\/?page_id=278#breadcrumb\"},\"inLanguage\":\"en-US\",\"potentialAction\":[{\"@type\":\"ReadAction\",\"target\":[\"https:\\\/\\\/ephemeristes.ca\\\/?page_id=278\"]}]},{\"@type\":\"ImageObject\",\"inLanguage\":\"en-US\",\"@id\":\"https:\\\/\\\/ephemeristes.ca\\\/?page_id=278#primaryimage\",\"url\":\"https:\\\/\\\/ephemeristes.ca\\\/wp-content\\\/uploads\\\/2025\\\/10\\\/2023-24-la-danse-aquarelle_ephemeristes-scaled.jpg\",\"contentUrl\":\"https:\\\/\\\/ephemeristes.ca\\\/wp-content\\\/uploads\\\/2025\\\/10\\\/2023-24-la-danse-aquarelle_ephemeristes-scaled.jpg\",\"width\":1752,\"height\":2560},{\"@type\":\"BreadcrumbList\",\"@id\":\"https:\\\/\\\/ephemeristes.ca\\\/?page_id=278#breadcrumb\",\"itemListElement\":[{\"@type\":\"ListItem\",\"position\":1,\"name\":\"Home\",\"item\":\"https:\\\/\\\/ephemeristes.ca\\\/\"},{\"@type\":\"ListItem\",\"position\":2,\"name\":\"la danse aquarelle | 2023-24\"}]},{\"@type\":\"WebSite\",\"@id\":\"https:\\\/\\\/ephemeristes.ca\\\/#website\",\"url\":\"https:\\\/\\\/ephemeristes.ca\\\/\",\"name\":\"\u00e9ph\u00e9m\u00e9ristes\",\"description\":\"\",\"publisher\":{\"@id\":\"https:\\\/\\\/ephemeristes.ca\\\/#organization\"},\"potentialAction\":[{\"@type\":\"SearchAction\",\"target\":{\"@type\":\"EntryPoint\",\"urlTemplate\":\"https:\\\/\\\/ephemeristes.ca\\\/?s={search_term_string}\"},\"query-input\":{\"@type\":\"PropertyValueSpecification\",\"valueRequired\":true,\"valueName\":\"search_term_string\"}}],\"inLanguage\":\"en-US\"},{\"@type\":\"Organization\",\"@id\":\"https:\\\/\\\/ephemeristes.ca\\\/#organization\",\"name\":\"\u00e9ph\u00e9m\u00e9ristes\",\"url\":\"https:\\\/\\\/ephemeristes.ca\\\/\",\"logo\":{\"@type\":\"ImageObject\",\"inLanguage\":\"en-US\",\"@id\":\"https:\\\/\\\/ephemeristes.ca\\\/#\\\/schema\\\/logo\\\/image\\\/\",\"url\":\"https:\\\/\\\/ephemeristes.ca\\\/wp-content\\\/uploads\\\/2026\\\/03\\\/2026-03-13-ephem-temp-logo.png\",\"contentUrl\":\"https:\\\/\\\/ephemeristes.ca\\\/wp-content\\\/uploads\\\/2026\\\/03\\\/2026-03-13-ephem-temp-logo.png\",\"width\":2560,\"height\":1410,\"caption\":\"\u00e9ph\u00e9m\u00e9ristes\"},\"image\":{\"@id\":\"https:\\\/\\\/ephemeristes.ca\\\/#\\\/schema\\\/logo\\\/image\\\/\"}}]}<\/script>\n<!-- \/ Yoast SEO plugin. -->","yoast_head_json":{"title":"la danse aquarelle | 2023-24 - \u00e9ph\u00e9m\u00e9ristes","robots":{"index":"index","follow":"follow","max-snippet":"max-snippet:-1","max-image-preview":"max-image-preview:large","max-video-preview":"max-video-preview:-1"},"canonical":"https:\/\/ephemeristes.ca\/?page_id=278","og_locale":"en_US","og_type":"article","og_title":"la danse aquarelle | 2023-24 - \u00e9ph\u00e9m\u00e9ristes","og_description":"la danse aquarelle | 2023-24 Processus de cr\u00e9ation 17 f\u00e9vrier 2024 &#8211; La M\u00e9diation &#8211; La Danse Aquarelle 09 f\u00e9vrier 2024 &#8211; Behold! We Are Beautiful &#8211; Caroline Dusseault &amp; les \u00e9l\u00e8ves de Danses-\u00c9tudes ANM &#8211; La Danse Aquarelle 06 janvier 2024 &#8211; Chor\u00e9graphie d&#8217;un flocon &#8211; Caroline Dusseault &#8211; La Danse Aquarelle Joignez-vous \u00e0 &hellip; Read more \"la danse aquarelle | 2023-24\"","og_url":"https:\/\/ephemeristes.ca\/?page_id=278","og_site_name":"\u00e9ph\u00e9m\u00e9ristes","article_modified_time":"2026-03-14T01:07:55+00:00","og_image":[{"width":1752,"height":2560,"url":"https:\/\/ephemeristes.ca\/wp-content\/uploads\/2025\/10\/2023-24-la-danse-aquarelle_ephemeristes-scaled.jpg","type":"image\/jpeg"}],"twitter_card":"summary_large_image","twitter_misc":{"Est. reading time":"3 minutes"},"schema":{"@context":"https:\/\/schema.org","@graph":[{"@type":"WebPage","@id":"https:\/\/ephemeristes.ca\/?page_id=278","url":"https:\/\/ephemeristes.ca\/?page_id=278","name":"la danse aquarelle | 2023-24 - \u00e9ph\u00e9m\u00e9ristes","isPartOf":{"@id":"https:\/\/ephemeristes.ca\/#website"},"primaryImageOfPage":{"@id":"https:\/\/ephemeristes.ca\/?page_id=278#primaryimage"},"image":{"@id":"https:\/\/ephemeristes.ca\/?page_id=278#primaryimage"},"thumbnailUrl":"https:\/\/ephemeristes.ca\/wp-content\/uploads\/2025\/10\/2023-24-la-danse-aquarelle_ephemeristes-701x1024.jpg","datePublished":"2026-03-14T00:33:38+00:00","dateModified":"2026-03-14T01:07:55+00:00","breadcrumb":{"@id":"https:\/\/ephemeristes.ca\/?page_id=278#breadcrumb"},"inLanguage":"en-US","potentialAction":[{"@type":"ReadAction","target":["https:\/\/ephemeristes.ca\/?page_id=278"]}]},{"@type":"ImageObject","inLanguage":"en-US","@id":"https:\/\/ephemeristes.ca\/?page_id=278#primaryimage","url":"https:\/\/ephemeristes.ca\/wp-content\/uploads\/2025\/10\/2023-24-la-danse-aquarelle_ephemeristes-scaled.jpg","contentUrl":"https:\/\/ephemeristes.ca\/wp-content\/uploads\/2025\/10\/2023-24-la-danse-aquarelle_ephemeristes-scaled.jpg","width":1752,"height":2560},{"@type":"BreadcrumbList","@id":"https:\/\/ephemeristes.ca\/?page_id=278#breadcrumb","itemListElement":[{"@type":"ListItem","position":1,"name":"Home","item":"https:\/\/ephemeristes.ca\/"},{"@type":"ListItem","position":2,"name":"la danse aquarelle | 2023-24"}]},{"@type":"WebSite","@id":"https:\/\/ephemeristes.ca\/#website","url":"https:\/\/ephemeristes.ca\/","name":"\u00e9ph\u00e9m\u00e9ristes","description":"","publisher":{"@id":"https:\/\/ephemeristes.ca\/#organization"},"potentialAction":[{"@type":"SearchAction","target":{"@type":"EntryPoint","urlTemplate":"https:\/\/ephemeristes.ca\/?s={search_term_string}"},"query-input":{"@type":"PropertyValueSpecification","valueRequired":true,"valueName":"search_term_string"}}],"inLanguage":"en-US"},{"@type":"Organization","@id":"https:\/\/ephemeristes.ca\/#organization","name":"\u00e9ph\u00e9m\u00e9ristes","url":"https:\/\/ephemeristes.ca\/","logo":{"@type":"ImageObject","inLanguage":"en-US","@id":"https:\/\/ephemeristes.ca\/#\/schema\/logo\/image\/","url":"https:\/\/ephemeristes.ca\/wp-content\/uploads\/2026\/03\/2026-03-13-ephem-temp-logo.png","contentUrl":"https:\/\/ephemeristes.ca\/wp-content\/uploads\/2026\/03\/2026-03-13-ephem-temp-logo.png","width":2560,"height":1410,"caption":"\u00e9ph\u00e9m\u00e9ristes"},"image":{"@id":"https:\/\/ephemeristes.ca\/#\/schema\/logo\/image\/"}}]}},"_links":{"self":[{"href":"https:\/\/ephemeristes.ca\/index.php?rest_route=\/wp\/v2\/pages\/278","targetHints":{"allow":["GET"]}}],"collection":[{"href":"https:\/\/ephemeristes.ca\/index.php?rest_route=\/wp\/v2\/pages"}],"about":[{"href":"https:\/\/ephemeristes.ca\/index.php?rest_route=\/wp\/v2\/types\/page"}],"author":[{"embeddable":true,"href":"https:\/\/ephemeristes.ca\/index.php?rest_route=\/wp\/v2\/users\/1"}],"replies":[{"embeddable":true,"href":"https:\/\/ephemeristes.ca\/index.php?rest_route=%2Fwp%2Fv2%2Fcomments&post=278"}],"version-history":[{"count":23,"href":"https:\/\/ephemeristes.ca\/index.php?rest_route=\/wp\/v2\/pages\/278\/revisions"}],"predecessor-version":[{"id":498,"href":"https:\/\/ephemeristes.ca\/index.php?rest_route=\/wp\/v2\/pages\/278\/revisions\/498"}],"wp:attachment":[{"href":"https:\/\/ephemeristes.ca\/index.php?rest_route=%2Fwp%2Fv2%2Fmedia&parent=278"}],"curies":[{"name":"wp","href":"https:\/\/api.w.org\/{rel}","templated":true}]}}