{"id":95,"date":"2025-10-09T18:41:34","date_gmt":"2025-10-09T18:41:34","guid":{"rendered":"https:\/\/ephemeristes.ca\/?page_id=95"},"modified":"2025-10-09T20:10:20","modified_gmt":"2025-10-09T20:10:20","slug":"95-2","status":"publish","type":"page","link":"https:\/\/ephemeristes.ca\/?page_id=95","title":{"rendered":"nos profils"},"content":{"rendered":"\n<h2 class=\"wp-block-heading\">nos profils<\/h2>\n\n\n\n<div class=\"wp-block-columns is-layout-flex wp-container-core-columns-is-layout-28f84493 wp-block-columns-is-layout-flex\">\n<div class=\"wp-block-column is-layout-flow wp-block-column-is-layout-flow\">\n<figure class=\"wp-block-image size-large\"><img loading=\"lazy\" decoding=\"async\" width=\"1024\" height=\"709\" src=\"https:\/\/ephemeristes.ca\/wp-content\/uploads\/2025\/10\/Marie-Eve_Credit-Photo_Martin-Moreira-1-1024x709.jpg\" alt=\"\" class=\"wp-image-103\" srcset=\"https:\/\/ephemeristes.ca\/wp-content\/uploads\/2025\/10\/Marie-Eve_Credit-Photo_Martin-Moreira-1-1024x709.jpg 1024w, https:\/\/ephemeristes.ca\/wp-content\/uploads\/2025\/10\/Marie-Eve_Credit-Photo_Martin-Moreira-1-300x208.jpg 300w, https:\/\/ephemeristes.ca\/wp-content\/uploads\/2025\/10\/Marie-Eve_Credit-Photo_Martin-Moreira-1.jpg 1989w\" sizes=\"auto, (max-width: 1024px) 100vw, 1024px\" \/><\/figure>\n\n\n\n<h3 class=\"wp-block-heading\">Marie-Eve Fortin<\/h3>\n\n\n\n<p><em>Sculpteure<\/em><\/p>\n\n\n\n<p>Travaille depuis son atelier \u00e0 Mont-Rolland, Sainte-Ad\u00e8le.<\/p>\n\n\n\n<p>Si elle a d\u2019abord exp\u00e9riment\u00e9 la pierre et le bois, c\u2019est la d\u00e9couverte de la sculpture sur neige qui enflamme sa v\u00e9ritable passion. D\u00e9j\u00e0 amoureuse du froid et de l\u2019hiver, elle d\u00e9couvre le potentiel immense de ce mat\u00e9riau g\u00e9n\u00e9reux et disponible. Elle fonde l\u2019entreprise ArchiPelle, qui lui permet chaque hiver de cr\u00e9er des d\u00e9cors uniques pour une vingtaine de municipalit\u00e9s et organisateurs d\u2019\u00e9v\u00e9nements.&nbsp;<\/p>\n\n\n\n<p>En co-cr\u00e9ant le collectif \u00c9ph\u00e9m\u00e9ristes, elle con\u00e7oit pour la premi\u00e8re fois un projet en fonction de la prise de vue et des mouvements de danse, sans rien sacrifier \u00e0 l\u2019\u00e9l\u00e9gance du design. Forte de son enracinement dans son territoire et au sein d\u2019une communaut\u00e9 toujours pr\u00eate \u00e0 s\u2019entraider, elle souhaite dor\u00e9navant orienter sa pratique davantage vers ce type de projets porteurs de sens.<\/p>\n\n\n\n<p>&#8220;\u00catre une artiste de l&#8217;\u00e9ph\u00e9m\u00e8re s&#8217;apparente pour moi \u00e0 un sentiment d&#8217;urgence, un besoin intense d&#8217;embrasser la magie de ce qui se pr\u00e9sente \u00e0 nous chaque minute, et en tirer parti au maximum avec la conscience que rien n&#8217;est \u00e9ternel. C&#8217;est ce qui rend la vie savoureuse!&#8221;<\/p>\n\n\n\n<p>&#8220;For me, being an artist of the ephemeral is infused with a sense of urgency, an intense need to embrace the magic of what each moment brings, and to make the most of it &#8211; with an awareness that nothing is eternal. This is what makes life so flavourful!&#8221;<\/p>\n\n\n\n<p><\/p>\n\n\n\n<p><\/p>\n<\/div>\n\n\n\n<div class=\"wp-block-column is-layout-flow wp-block-column-is-layout-flow\">\n<figure class=\"wp-block-image size-large\"><img loading=\"lazy\" decoding=\"async\" width=\"1024\" height=\"709\" src=\"https:\/\/ephemeristes.ca\/wp-content\/uploads\/2025\/10\/Stephen_Credit-Photo_Martin-Moreira-1024x709.jpg\" alt=\"\" class=\"wp-image-94\" srcset=\"https:\/\/ephemeristes.ca\/wp-content\/uploads\/2025\/10\/Stephen_Credit-Photo_Martin-Moreira-1024x709.jpg 1024w, https:\/\/ephemeristes.ca\/wp-content\/uploads\/2025\/10\/Stephen_Credit-Photo_Martin-Moreira-300x208.jpg 300w, https:\/\/ephemeristes.ca\/wp-content\/uploads\/2025\/10\/Stephen_Credit-Photo_Martin-Moreira.jpg 1989w\" sizes=\"auto, (max-width: 1024px) 100vw, 1024px\" \/><\/figure>\n\n\n\n<h3 class=\"wp-block-heading\">Stephen Fuller<\/h3>\n\n\n\n<p><em>Artiste interdisciplinaire <\/em><\/p>\n\n\n\n<p>Bas\u00e9 dans son studio \u00e0 Mont-Rolland, Sainte-Ad\u00e8le&nbsp;<\/p>\n\n\n\n<p>Son travail prime en composition et production musicale s\u2019\u00e9tend et se contracte dans les disciplines parall\u00e8les du multim\u00e9dia (narration vid\u00e9ographique) et de la fabrication (construction d\u2019instruments de musique). Stephen prosp\u00e8re dans les domaines de l\u2019exploration interdisciplinaire, de l\u2019innovation et de la collaboration. <\/p>\n\n\n\n<p>Avec le collectif \u00e9mergent \u00c9ph\u00e9m\u00e9ristes, il a coproduit en 2024 deux projets: une exposition r\u00e9trospective de vingt ans de sculpture sur neige dans les Laurentides au Mus\u00e9e Z\u00e9non-Alary; et en collaboration avec la chor\u00e9graphe Caroline Dusseault une m\u00e9diation de danse sociale contemporaine avec la participation du public appel\u00e9e la Danse Aquarelle.<\/p>\n\n\n\n<p><\/p>\n\n\n\n<p>&#8220;Pour moi, l&#8217;\u00e9ph\u00e9m\u00e8re, comme \u00e9tat d&#8217;\u00eatre et comme approche \u00e0 la recherche artistique, est ancr\u00e9e dans l&#8217;acceptation. Tr\u00e8s souvent, les moments les plus inspirants, o\u00f9 les r\u00e9sultats cr\u00e9atifs \u00e9mergent, se situent dans l&#8217;espace entre l&#8217;effet escompt\u00e9 et la r\u00e9alit\u00e9 du moment. A travers mes pratiques, j&#8217;apprends constamment \u00e0 habiter et apprivoiser cette zone floue, interm\u00e9diaire.&#8221;<\/p>\n\n\n\n<p>&#8220;For me the notion of ephemerality as a state of being, and approach to artistic practice, is rooted in acceptance. So often the most inspiring moments and creative results emerge within the space between the intended outcome and the reality of the moment. Through my practices I am constantly learning how to inhabit this mysterious zone.&#8221;<\/p>\n\n\n\n<p><\/p>\n<\/div>\n\n\n\n<div class=\"wp-block-column is-layout-flow wp-block-column-is-layout-flow\">\n<figure class=\"wp-block-image size-large\"><img loading=\"lazy\" decoding=\"async\" width=\"1024\" height=\"709\" src=\"https:\/\/ephemeristes.ca\/wp-content\/uploads\/2025\/10\/Stan_Credit-Photo_Martin-Moreira-copy-1024x709.jpg\" alt=\"\" class=\"wp-image-101\" srcset=\"https:\/\/ephemeristes.ca\/wp-content\/uploads\/2025\/10\/Stan_Credit-Photo_Martin-Moreira-copy-1024x709.jpg 1024w, https:\/\/ephemeristes.ca\/wp-content\/uploads\/2025\/10\/Stan_Credit-Photo_Martin-Moreira-copy-300x208.jpg 300w, https:\/\/ephemeristes.ca\/wp-content\/uploads\/2025\/10\/Stan_Credit-Photo_Martin-Moreira-copy.jpg 1989w\" sizes=\"auto, (max-width: 1024px) 100vw, 1024px\" \/><\/figure>\n\n\n\n<h3 class=\"wp-block-heading\">Stan de Saint Quentin<\/h3>\n\n\n\n<p><em>Ma\u00eetre d\u2019oeuvre en architecture, Designer, Artiste<\/em><\/p>\n\n\n\n<p>Travaille depuis son studio centr\u00e9 \u00e0 New York, rayonnant g\u00e9ographiquement au gr\u00e9 des projets et des saisons.<\/p>\n\n\n\n<p>Il cr\u00e9e des pi\u00e8ces architecturales sur mesure, haut de gamme et monumentales, int\u00e9grant conception, design technique et r\u00e9alisation. Ses projets lui ont valu de nombreuses nominations et r\u00e9compenses. <\/p>\n\n\n\n<p>En parall\u00e8le, il nourrit depuis quinze ans une fascination pour l\u2019aquarelle et l \u2019utilise dans sa pratique personnelle pour d\u00e9couvrir le monde&nbsp; des sens et des \u00e9motions. <\/p>\n\n\n\n<p>Apr\u00e8s quelques ann\u00e9es \u00e0 travailler sur des mat\u00e9riaux appartenant \u00e0 un environnement urbain et parfois contraint, il ressent l \u2019envie profonde de retrouver la neige, sa fragile beaut\u00e9, son impermanence, et sa fluidit\u00e9, et co-cr\u00e9e le collectif d\u2019artistes, \u00c9ph\u00e9m\u00e9ristes.<\/p>\n\n\n\n<p><\/p>\n\n\n\n<p>&#8220;\u00catre un artiste de l&#8217;\u00e9ph\u00e9m\u00e8re, c&#8217;est d&#8217;abord s&#8217;ancrer dans le territoire. On l&#8217;\u00e9pouse \u00e0 travers son relief et son histoire. C&#8217;est ensuite saisir et sublimer la beaut\u00e9 f\u00e9brile des \u00e9l\u00e9ments qui nous y sont offerts. Trouver l&#8217;\u00e9quilibre dans l&#8217;impermanence et le mouvement, entre ma\u00eetrise et l\u00e2cher prise.&#8221;<\/p>\n\n\n\n<p>&#8220;Being an artist of the ephemeral means first anchoring oneself in the territory, connecting to its landscape and history. From here we can capture and sublimate the fragile beauty of the elements offered to us, and explore the balance between impermanence and movement, between control and letting go.&#8221;<\/p>\n<\/div>\n<\/div>\n\n\n\n<p class=\"has-text-align-center\">Credits photos: Martin Moreira<\/p>\n\n\n\n<p><\/p>\n","protected":false},"excerpt":{"rendered":"<p>nos profils Marie-Eve Fortin Sculpteure Travaille depuis son atelier \u00e0 Mont-Rolland, Sainte-Ad\u00e8le. Si elle a d\u2019abord exp\u00e9riment\u00e9 la pierre et le bois, c\u2019est la d\u00e9couverte de la sculpture sur neige qui enflamme sa v\u00e9ritable passion. D\u00e9j\u00e0 amoureuse du froid et de l\u2019hiver, elle d\u00e9couvre le potentiel immense de ce mat\u00e9riau g\u00e9n\u00e9reux et disponible. Elle fonde &hellip; <\/p>\n<p class=\"link-more\"><a href=\"https:\/\/ephemeristes.ca\/?page_id=95\" class=\"more-link\">Read more<span class=\"screen-reader-text\"> &#8220;nos profils&#8221;<\/span><\/a><\/p>\n","protected":false},"author":1,"featured_media":0,"parent":0,"menu_order":0,"comment_status":"closed","ping_status":"closed","template":"","meta":{"inspiro_hide_title":false,"footnotes":""},"class_list":["post-95","page","type-page","status-publish","hentry"],"yoast_head":"<!-- This site is optimized with the Yoast SEO plugin v27.4 - https:\/\/yoast.com\/product\/yoast-seo-wordpress\/ -->\n<title>nos profils - \u00e9ph\u00e9m\u00e9ristes<\/title>\n<meta name=\"robots\" content=\"index, follow, max-snippet:-1, max-image-preview:large, max-video-preview:-1\" \/>\n<link rel=\"canonical\" href=\"https:\/\/ephemeristes.ca\/?page_id=95\" \/>\n<meta property=\"og:locale\" content=\"en_US\" \/>\n<meta property=\"og:type\" content=\"article\" \/>\n<meta property=\"og:title\" content=\"nos profils - \u00e9ph\u00e9m\u00e9ristes\" \/>\n<meta property=\"og:description\" content=\"nos profils Marie-Eve Fortin Sculpteure Travaille depuis son atelier \u00e0 Mont-Rolland, Sainte-Ad\u00e8le. Si elle a d\u2019abord exp\u00e9riment\u00e9 la pierre et le bois, c\u2019est la d\u00e9couverte de la sculpture sur neige qui enflamme sa v\u00e9ritable passion. D\u00e9j\u00e0 amoureuse du froid et de l\u2019hiver, elle d\u00e9couvre le potentiel immense de ce mat\u00e9riau g\u00e9n\u00e9reux et disponible. Elle fonde &hellip; Read more &quot;nos profils&quot;\" \/>\n<meta property=\"og:url\" content=\"https:\/\/ephemeristes.ca\/?page_id=95\" \/>\n<meta property=\"og:site_name\" content=\"\u00e9ph\u00e9m\u00e9ristes\" \/>\n<meta property=\"article:modified_time\" content=\"2025-10-09T20:10:20+00:00\" \/>\n<meta property=\"og:image\" content=\"https:\/\/ephemeristes.ca\/wp-content\/uploads\/2025\/10\/Marie-Eve_Credit-Photo_Martin-Moreira-1.jpg\" \/>\n\t<meta property=\"og:image:width\" content=\"1989\" \/>\n\t<meta property=\"og:image:height\" content=\"1377\" \/>\n\t<meta property=\"og:image:type\" content=\"image\/jpeg\" \/>\n<meta name=\"twitter:card\" content=\"summary_large_image\" \/>\n<script type=\"application\/ld+json\" class=\"yoast-schema-graph\">{\"@context\":\"https:\\\/\\\/schema.org\",\"@graph\":[{\"@type\":\"WebPage\",\"@id\":\"https:\\\/\\\/ephemeristes.ca\\\/?page_id=95\",\"url\":\"https:\\\/\\\/ephemeristes.ca\\\/?page_id=95\",\"name\":\"nos profils - \u00e9ph\u00e9m\u00e9ristes\",\"isPartOf\":{\"@id\":\"https:\\\/\\\/ephemeristes.ca\\\/#website\"},\"primaryImageOfPage\":{\"@id\":\"https:\\\/\\\/ephemeristes.ca\\\/?page_id=95#primaryimage\"},\"image\":{\"@id\":\"https:\\\/\\\/ephemeristes.ca\\\/?page_id=95#primaryimage\"},\"thumbnailUrl\":\"https:\\\/\\\/ephemeristes.ca\\\/wp-content\\\/uploads\\\/2025\\\/10\\\/Marie-Eve_Credit-Photo_Martin-Moreira-1-1024x709.jpg\",\"datePublished\":\"2025-10-09T18:41:34+00:00\",\"dateModified\":\"2025-10-09T20:10:20+00:00\",\"breadcrumb\":{\"@id\":\"https:\\\/\\\/ephemeristes.ca\\\/?page_id=95#breadcrumb\"},\"inLanguage\":\"en-US\",\"potentialAction\":[{\"@type\":\"ReadAction\",\"target\":[\"https:\\\/\\\/ephemeristes.ca\\\/?page_id=95\"]}]},{\"@type\":\"ImageObject\",\"inLanguage\":\"en-US\",\"@id\":\"https:\\\/\\\/ephemeristes.ca\\\/?page_id=95#primaryimage\",\"url\":\"https:\\\/\\\/ephemeristes.ca\\\/wp-content\\\/uploads\\\/2025\\\/10\\\/Marie-Eve_Credit-Photo_Martin-Moreira-1.jpg\",\"contentUrl\":\"https:\\\/\\\/ephemeristes.ca\\\/wp-content\\\/uploads\\\/2025\\\/10\\\/Marie-Eve_Credit-Photo_Martin-Moreira-1.jpg\",\"width\":1989,\"height\":1377},{\"@type\":\"BreadcrumbList\",\"@id\":\"https:\\\/\\\/ephemeristes.ca\\\/?page_id=95#breadcrumb\",\"itemListElement\":[{\"@type\":\"ListItem\",\"position\":1,\"name\":\"Home\",\"item\":\"https:\\\/\\\/ephemeristes.ca\\\/\"},{\"@type\":\"ListItem\",\"position\":2,\"name\":\"nos profils\"}]},{\"@type\":\"WebSite\",\"@id\":\"https:\\\/\\\/ephemeristes.ca\\\/#website\",\"url\":\"https:\\\/\\\/ephemeristes.ca\\\/\",\"name\":\"\u00e9ph\u00e9m\u00e9ristes\",\"description\":\"\",\"publisher\":{\"@id\":\"https:\\\/\\\/ephemeristes.ca\\\/#organization\"},\"potentialAction\":[{\"@type\":\"SearchAction\",\"target\":{\"@type\":\"EntryPoint\",\"urlTemplate\":\"https:\\\/\\\/ephemeristes.ca\\\/?s={search_term_string}\"},\"query-input\":{\"@type\":\"PropertyValueSpecification\",\"valueRequired\":true,\"valueName\":\"search_term_string\"}}],\"inLanguage\":\"en-US\"},{\"@type\":\"Organization\",\"@id\":\"https:\\\/\\\/ephemeristes.ca\\\/#organization\",\"name\":\"\u00e9ph\u00e9m\u00e9ristes\",\"url\":\"https:\\\/\\\/ephemeristes.ca\\\/\",\"logo\":{\"@type\":\"ImageObject\",\"inLanguage\":\"en-US\",\"@id\":\"https:\\\/\\\/ephemeristes.ca\\\/#\\\/schema\\\/logo\\\/image\\\/\",\"url\":\"https:\\\/\\\/ephemeristes.ca\\\/wp-content\\\/uploads\\\/2026\\\/03\\\/2026-03-13-ephem-temp-logo.png\",\"contentUrl\":\"https:\\\/\\\/ephemeristes.ca\\\/wp-content\\\/uploads\\\/2026\\\/03\\\/2026-03-13-ephem-temp-logo.png\",\"width\":2560,\"height\":1410,\"caption\":\"\u00e9ph\u00e9m\u00e9ristes\"},\"image\":{\"@id\":\"https:\\\/\\\/ephemeristes.ca\\\/#\\\/schema\\\/logo\\\/image\\\/\"}}]}<\/script>\n<!-- \/ Yoast SEO plugin. -->","yoast_head_json":{"title":"nos profils - \u00e9ph\u00e9m\u00e9ristes","robots":{"index":"index","follow":"follow","max-snippet":"max-snippet:-1","max-image-preview":"max-image-preview:large","max-video-preview":"max-video-preview:-1"},"canonical":"https:\/\/ephemeristes.ca\/?page_id=95","og_locale":"en_US","og_type":"article","og_title":"nos profils - \u00e9ph\u00e9m\u00e9ristes","og_description":"nos profils Marie-Eve Fortin Sculpteure Travaille depuis son atelier \u00e0 Mont-Rolland, Sainte-Ad\u00e8le. Si elle a d\u2019abord exp\u00e9riment\u00e9 la pierre et le bois, c\u2019est la d\u00e9couverte de la sculpture sur neige qui enflamme sa v\u00e9ritable passion. D\u00e9j\u00e0 amoureuse du froid et de l\u2019hiver, elle d\u00e9couvre le potentiel immense de ce mat\u00e9riau g\u00e9n\u00e9reux et disponible. Elle fonde &hellip; Read more \"nos profils\"","og_url":"https:\/\/ephemeristes.ca\/?page_id=95","og_site_name":"\u00e9ph\u00e9m\u00e9ristes","article_modified_time":"2025-10-09T20:10:20+00:00","og_image":[{"width":1989,"height":1377,"url":"https:\/\/ephemeristes.ca\/wp-content\/uploads\/2025\/10\/Marie-Eve_Credit-Photo_Martin-Moreira-1.jpg","type":"image\/jpeg"}],"twitter_card":"summary_large_image","schema":{"@context":"https:\/\/schema.org","@graph":[{"@type":"WebPage","@id":"https:\/\/ephemeristes.ca\/?page_id=95","url":"https:\/\/ephemeristes.ca\/?page_id=95","name":"nos profils - \u00e9ph\u00e9m\u00e9ristes","isPartOf":{"@id":"https:\/\/ephemeristes.ca\/#website"},"primaryImageOfPage":{"@id":"https:\/\/ephemeristes.ca\/?page_id=95#primaryimage"},"image":{"@id":"https:\/\/ephemeristes.ca\/?page_id=95#primaryimage"},"thumbnailUrl":"https:\/\/ephemeristes.ca\/wp-content\/uploads\/2025\/10\/Marie-Eve_Credit-Photo_Martin-Moreira-1-1024x709.jpg","datePublished":"2025-10-09T18:41:34+00:00","dateModified":"2025-10-09T20:10:20+00:00","breadcrumb":{"@id":"https:\/\/ephemeristes.ca\/?page_id=95#breadcrumb"},"inLanguage":"en-US","potentialAction":[{"@type":"ReadAction","target":["https:\/\/ephemeristes.ca\/?page_id=95"]}]},{"@type":"ImageObject","inLanguage":"en-US","@id":"https:\/\/ephemeristes.ca\/?page_id=95#primaryimage","url":"https:\/\/ephemeristes.ca\/wp-content\/uploads\/2025\/10\/Marie-Eve_Credit-Photo_Martin-Moreira-1.jpg","contentUrl":"https:\/\/ephemeristes.ca\/wp-content\/uploads\/2025\/10\/Marie-Eve_Credit-Photo_Martin-Moreira-1.jpg","width":1989,"height":1377},{"@type":"BreadcrumbList","@id":"https:\/\/ephemeristes.ca\/?page_id=95#breadcrumb","itemListElement":[{"@type":"ListItem","position":1,"name":"Home","item":"https:\/\/ephemeristes.ca\/"},{"@type":"ListItem","position":2,"name":"nos profils"}]},{"@type":"WebSite","@id":"https:\/\/ephemeristes.ca\/#website","url":"https:\/\/ephemeristes.ca\/","name":"\u00e9ph\u00e9m\u00e9ristes","description":"","publisher":{"@id":"https:\/\/ephemeristes.ca\/#organization"},"potentialAction":[{"@type":"SearchAction","target":{"@type":"EntryPoint","urlTemplate":"https:\/\/ephemeristes.ca\/?s={search_term_string}"},"query-input":{"@type":"PropertyValueSpecification","valueRequired":true,"valueName":"search_term_string"}}],"inLanguage":"en-US"},{"@type":"Organization","@id":"https:\/\/ephemeristes.ca\/#organization","name":"\u00e9ph\u00e9m\u00e9ristes","url":"https:\/\/ephemeristes.ca\/","logo":{"@type":"ImageObject","inLanguage":"en-US","@id":"https:\/\/ephemeristes.ca\/#\/schema\/logo\/image\/","url":"https:\/\/ephemeristes.ca\/wp-content\/uploads\/2026\/03\/2026-03-13-ephem-temp-logo.png","contentUrl":"https:\/\/ephemeristes.ca\/wp-content\/uploads\/2026\/03\/2026-03-13-ephem-temp-logo.png","width":2560,"height":1410,"caption":"\u00e9ph\u00e9m\u00e9ristes"},"image":{"@id":"https:\/\/ephemeristes.ca\/#\/schema\/logo\/image\/"}}]}},"_links":{"self":[{"href":"https:\/\/ephemeristes.ca\/index.php?rest_route=\/wp\/v2\/pages\/95","targetHints":{"allow":["GET"]}}],"collection":[{"href":"https:\/\/ephemeristes.ca\/index.php?rest_route=\/wp\/v2\/pages"}],"about":[{"href":"https:\/\/ephemeristes.ca\/index.php?rest_route=\/wp\/v2\/types\/page"}],"author":[{"embeddable":true,"href":"https:\/\/ephemeristes.ca\/index.php?rest_route=\/wp\/v2\/users\/1"}],"replies":[{"embeddable":true,"href":"https:\/\/ephemeristes.ca\/index.php?rest_route=%2Fwp%2Fv2%2Fcomments&post=95"}],"version-history":[{"count":19,"href":"https:\/\/ephemeristes.ca\/index.php?rest_route=\/wp\/v2\/pages\/95\/revisions"}],"predecessor-version":[{"id":194,"href":"https:\/\/ephemeristes.ca\/index.php?rest_route=\/wp\/v2\/pages\/95\/revisions\/194"}],"wp:attachment":[{"href":"https:\/\/ephemeristes.ca\/index.php?rest_route=%2Fwp%2Fv2%2Fmedia&parent=95"}],"curies":[{"name":"wp","href":"https:\/\/api.w.org\/{rel}","templated":true}]}}